{"id":287,"date":"2022-06-28T09:55:45","date_gmt":"2022-06-28T07:55:45","guid":{"rendered":"http:\/\/al-rm.fr\/?page_id=287"},"modified":"2022-06-28T09:55:45","modified_gmt":"2022-06-28T07:55:45","slug":"assistance-et-conseils-cartographies","status":"publish","type":"page","link":"https:\/\/al-rm.fr\/index.php\/assistance-et-conseils-cartographies\/","title":{"rendered":"Assistance et conseils cartographies"},"content":{"rendered":"\n<p>&#8211; Assistance et conseils pour l&#8217;\u00e9laboration de Cartographie des Risques Informatiques:&nbsp;<\/p>\n\n\n\n<p>AL-RM intervient lors de mission de conseil au forfait ou r\u00e9gie&nbsp;afin de positionner les risques majeurs IT du client selon diff\u00e9rents axes tels que l\u2019impact potentiel, la probabilit\u00e9 de survenance ou le niveau actuel de ma\u00eetrise des risques et permettre ainsi \u00e0 l&#8217;entreprise d\u2019orienter le plan d\u2019audit interne IT et d\u2019aider le management \u00e0 prendre en compte la dimension risque IT :&nbsp;<\/p>\n\n\n\n<p>&#8211; cartographie des risques d\u2019entreprise : pour suivre la ma\u00eetrise des principaux risques de l\u2019entreprise<\/p>\n\n\n\n<p>&#8211; cartographie des&nbsp;risques S\u00e9curit\u00e9 de l\u2019information&nbsp;: pour prot\u00e9ger les actifs du SI au regard des menaces qu\u2019ils encourent<\/p>\n\n\n\n<p>&#8211; cartographie des&nbsp;risques pour construction du plan d\u2019audit&nbsp;: pour identifier l\u2019exposition au risque IT et d\u00e9finir le plan d\u2019audit IT&nbsp;<\/p>\n\n\n\n<p>&#8211; cartographie des&nbsp;risques li\u00e9s \u00e0 la fonction des Syst\u00e8mes d\u2019Information&nbsp;: pour piloter les processus DSI et la r\u00e9ussite des projets informatiques des projets informatiques<\/p>\n","protected":false},"excerpt":{"rendered":"<p>&#8211; Assistance et conseils pour l&#8217;\u00e9laboration de Cartographie des Risques Informatiques:&nbsp; AL-RM intervient lors de mission de conseil au forfait ou r\u00e9gie&nbsp;afin de positionner les risques majeurs IT du client selon diff\u00e9rents axes tels que l\u2019impact potentiel, la probabilit\u00e9 de survenance ou le niveau actuel de ma\u00eetrise des risques et permettre ainsi \u00e0 l&#8217;entreprise d\u2019orienter &hellip; <\/p>\n<p class=\"link-more\"><a href=\"https:\/\/al-rm.fr\/index.php\/assistance-et-conseils-cartographies\/\" class=\"more-link\">Continuer la lecture<span class=\"screen-reader-text\"> de &laquo;&nbsp;Assistance et conseils cartographies&nbsp;&raquo;<\/span><\/a><\/p>\n","protected":false},"author":1,"featured_media":0,"parent":0,"menu_order":0,"comment_status":"closed","ping_status":"closed","template":"","meta":{"footnotes":""},"class_list":["post-287","page","type-page","status-publish","hentry"],"_links":{"self":[{"href":"https:\/\/al-rm.fr\/index.php\/wp-json\/wp\/v2\/pages\/287","targetHints":{"allow":["GET"]}}],"collection":[{"href":"https:\/\/al-rm.fr\/index.php\/wp-json\/wp\/v2\/pages"}],"about":[{"href":"https:\/\/al-rm.fr\/index.php\/wp-json\/wp\/v2\/types\/page"}],"author":[{"embeddable":true,"href":"https:\/\/al-rm.fr\/index.php\/wp-json\/wp\/v2\/users\/1"}],"replies":[{"embeddable":true,"href":"https:\/\/al-rm.fr\/index.php\/wp-json\/wp\/v2\/comments?post=287"}],"version-history":[{"count":1,"href":"https:\/\/al-rm.fr\/index.php\/wp-json\/wp\/v2\/pages\/287\/revisions"}],"predecessor-version":[{"id":288,"href":"https:\/\/al-rm.fr\/index.php\/wp-json\/wp\/v2\/pages\/287\/revisions\/288"}],"wp:attachment":[{"href":"https:\/\/al-rm.fr\/index.php\/wp-json\/wp\/v2\/media?parent=287"}],"curies":[{"name":"wp","href":"https:\/\/api.w.org\/{rel}","templated":true}]}}